{"id":33,"date":"2023-01-04T09:02:30","date_gmt":"2023-01-04T08:02:30","guid":{"rendered":"http:\/\/moncafe-prod.fr\/?page_id=33"},"modified":"2023-01-16T13:43:06","modified_gmt":"2023-01-16T12:43:06","slug":"nos-prestations","status":"publish","type":"page","link":"https:\/\/moncafe-prod.fr\/index.php\/nos-prestations\/","title":{"rendered":"Nos Prestations"},"content":{"rendered":"\n<p>Gr\u00e2ce \u00e0 notre savoir faire et notre d\u00e9termination, nous sommes en mesure de vous proposer de nombreuses prestations type pour vos projets, \u00e9v\u00e9nements ou tout autre besoin audiovisuel. Nous proposons \u00e9galement des prestations sur mesure, pour cela il vous suffit de prendre contact avec nous.<\/p>\n\n\n\n<p><\/p>\n\n\n\n<p><\/p>\n\n\n\n<p><\/p>\n\n\n\n<h2 class=\"has-text-align-center wp-block-heading\">Mariages <\/h2>\n\n\n\n<p><\/p>\n\n\n\n<figure class=\"wp-block-image size-large\"><img decoding=\"async\" src=\"https:\/\/www.aytre.fr\/wp-content\/uploads\/2018\/03\/Mariage__pacs.jpg\" alt=\"\"\/><\/figure>\n\n\n\n<p>De la pr\u00e9paration, au grand OUI, et m\u00eame jusqu&#8217;a l&#8217;aube, nous suivrons et r\u00e9aliserons une vid\u00e9o de qualit\u00e9 sur le plus beau jour de votre vie. Notre prestation inclut le tournage, le montage et le rendu dans le format de votre choix (Jusqu&#8217;en 4K !). Alors n&#8217;attendez plus, confiez nous la captation du grand jour !<\/p>\n\n\n\n<p><\/p>\n\n\n\n<p><\/p>\n\n\n\n<h2 class=\"has-text-align-center wp-block-heading\">Entreprise\/Institutionnel<\/h2>\n\n\n\n<p><\/p>\n\n\n\n<figure class=\"wp-block-image size-large\"><img decoding=\"async\" src=\"https:\/\/blog.bird-office.com\/wp-content\/uploads\/2018\/10\/Photo-article-blog-9.png\" alt=\"\"\/><\/figure>\n\n\n\n<p>A l&#8217;\u00e8re du num\u00e9rique et des nouvelles technologies, une bonne pr\u00e9sence sur internet pour n&#8217;importe quelle entreprise est devenue indispensable. Du contenu de qualit\u00e9 est indispensable pour vous permettre d&#8217;attirer de nouveaux clients. Chez Mon Caf\u00e9 Productions, nous serons ravis de vous aider dans votre d\u00e9veloppement digital en vous proposant la r\u00e9alisation de vid\u00e9os qualitatives que vous pourrez int\u00e9grer partout; site web, r\u00e9seaux sociaux, et m\u00eame publicit\u00e9 ! Nous nous adapterons \u00e0 votre demande pour cr\u00e9er l&#8217;image digitale qui VOUS correspond !<\/p>\n\n\n\n<p><\/p>\n\n\n\n<h2 class=\"has-text-align-center wp-block-heading\">Captations<\/h2>\n\n\n\n<p><\/p>\n\n\n\n<figure class=\"wp-block-image aligncenter size-large is-resized\"><img loading=\"lazy\" decoding=\"async\" src=\"https:\/\/moncafe-prod.fr\/wp-content\/uploads\/2023\/01\/Captation-multicameras-Albema-France-1024x576.png\" alt=\"\" class=\"wp-image-135\" width=\"583\" height=\"327\" srcset=\"https:\/\/moncafe-prod.fr\/wp-content\/uploads\/2023\/01\/Captation-multicameras-Albema-France-1024x576.png 1024w, https:\/\/moncafe-prod.fr\/wp-content\/uploads\/2023\/01\/Captation-multicameras-Albema-France-300x169.png 300w, https:\/\/moncafe-prod.fr\/wp-content\/uploads\/2023\/01\/Captation-multicameras-Albema-France-768x432.png 768w, https:\/\/moncafe-prod.fr\/wp-content\/uploads\/2023\/01\/Captation-multicameras-Albema-France.png 1200w\" sizes=\"auto, (max-width: 583px) 100vw, 583px\" \/><\/figure>\n\n\n\n<p>Vos \u00e9v\u00e9nements vous tiennent a c\u0153ur ? A nous aussi. Nous proposons des captations de diff\u00e9rents \u00e9v\u00e9nements, de diff\u00e9rentes tailles, pour un co\u00fbt raisonnable et avec une qualit\u00e9 professionnelle. Nous sommes a l&#8217;\u00e9coute de vos besoins et que ce soit un concert, une pi\u00e8ce de th\u00e9\u00e2tre, une conf\u00e9rence ou m\u00eame une r\u00e9union d&#8217;entreprise, nous voulons vous apporter le meilleur r\u00e9sultat possible !<\/p>\n\n\n\n<p><\/p>\n\n\n\n<h2 class=\"has-text-align-center wp-block-heading\">Montage<\/h2>\n\n\n\n<p><\/p>\n\n\n\n<figure class=\"wp-block-image size-large\"><img decoding=\"async\" src=\"https:\/\/www.leparisien.fr\/resizer\/cuUUDnjxx3yyPp1JdS8O9v6646U=\/932x582\/cloudfront-eu-central-1.images.arcpublishing.com\/lpguideshopping\/XRAJVA7BJDRGLMNG74DBQCRYY4.jpg\" alt=\"\"\/><\/figure>\n\n\n\n<p>Vous voulez vous lancer sur internet ? Monter une vid\u00e9o pour l&#8217;anniversaire d&#8217;un ami ? Mon Caf\u00e9 Productions est l\u00e0 pour vous ! Nous proposons des services de montage divers et vari\u00e9s pour tous vos besoins, le tout rapidement et de mani\u00e8re efficace ! Votre satisfaction et votre tranquillit\u00e9 sont nos priorit\u00e9s, c&#8217;est pour cela que nous vous garantissons une protection de vos donn\u00e9es originales, avec une garantie de suppression en fin de projet. Nous vous garantissons \u00e9galement la confidentialit\u00e9 sur l&#8217;objet de votre projet.<\/p>\n\n\n\n<p><\/p>\n\n\n\n<h2 class=\"has-text-align-center wp-block-heading\">Publicit\u00e9<\/h2>\n\n\n\n<p><\/p>\n\n\n\n<figure class=\"wp-block-image size-large\"><img decoding=\"async\" src=\"https:\/\/kajabi-storefronts-production.kajabi-cdn.com\/kajabi-storefronts-production\/blogs\/5974\/images\/k5ZC1hdKTYOGNZsNeu0D_difference-promotion-publicite.jpg\" alt=\"\"\/><\/figure>\n\n\n\n<p>Vous avez besoin de vous faire connaitre vous ou vos projets via les r\u00e9seaux sociaux, dans des salles de cin\u00e9ma ou m\u00eame \u00e0 la t\u00e9l\u00e9vision ?  Mon Caf\u00e9 Productions est l\u00e0 pour vous. Nous vous accompagnerons et r\u00e9aliserons des vid\u00e9os publicitaires selon vos demandes et vos exigences, dans les meilleurs d\u00e9lais. <\/p>\n\n\n\n<p><\/p>\n\n\n\n<p><\/p>\n\n\n\n<h2 class=\"has-text-align-center wp-block-heading\">Une autre demande ? Un besoin particulier ? <\/h2>\n\n\n\n<h2 class=\"has-text-align-center wp-block-heading\">N&#8217;attendez plus ! <\/h2>\n\n\n\n<div class=\"wp-block-buttons is-content-justification-center is-layout-flex wp-container-core-buttons-is-layout-a89b3969 wp-block-buttons-is-layout-flex\">\n<div class=\"wp-block-button\"><a class=\"wp-block-button__link wp-element-button\" href=\"https:\/\/moncafe-prod.fr\/index.php\/contactez-nous\/\">CONtactez-nous !<\/a><\/div>\n<\/div>\n","protected":false},"excerpt":{"rendered":"<p>Gr\u00e2ce \u00e0 notre savoir faire et notre d\u00e9termination, nous sommes en mesure de vous proposer de nombreuses prestations type pour vos projets, \u00e9v\u00e9nements ou tout autre besoin audiovisuel. Nous proposons \u00e9galement des prestations sur mesure, pour cela il vous suffit de prendre contact avec nous. Mariages De la pr\u00e9paration, au grand OUI, et m\u00eame jusqu&#8217;a [&hellip;]<\/p>\n","protected":false},"author":1,"featured_media":0,"parent":0,"menu_order":0,"comment_status":"closed","ping_status":"closed","template":"","meta":{"footnotes":""},"class_list":["post-33","page","type-page","status-publish","hentry"],"yoast_head":"<!-- This site is optimized with the Yoast SEO plugin v27.4 - https:\/\/yoast.com\/product\/yoast-seo-wordpress\/ -->\n<title>Nos Prestations - Mon Caf\u00e9 Productions<\/title>\n<meta name=\"robots\" content=\"index, follow, max-snippet:-1, max-image-preview:large, max-video-preview:-1\" \/>\n<link rel=\"canonical\" href=\"https:\/\/moncafe-prod.fr\/index.php\/nos-prestations\/\" \/>\n<meta property=\"og:locale\" content=\"en_US\" \/>\n<meta property=\"og:type\" content=\"article\" \/>\n<meta property=\"og:title\" content=\"Nos Prestations - Mon Caf\u00e9 Productions\" \/>\n<meta property=\"og:description\" content=\"Gr\u00e2ce \u00e0 notre savoir faire et notre d\u00e9termination, nous sommes en mesure de vous proposer de nombreuses prestations type pour vos projets, \u00e9v\u00e9nements ou tout autre besoin audiovisuel. Nous proposons \u00e9galement des prestations sur mesure, pour cela il vous suffit de prendre contact avec nous. Mariages De la pr\u00e9paration, au grand OUI, et m\u00eame jusqu&#8217;a [&hellip;]\" \/>\n<meta property=\"og:url\" content=\"https:\/\/moncafe-prod.fr\/index.php\/nos-prestations\/\" \/>\n<meta property=\"og:site_name\" content=\"Mon Caf\u00e9 Productions\" \/>\n<meta property=\"article:publisher\" content=\"https:\/\/www.facebook.com\/moncafeprod\" \/>\n<meta property=\"article:modified_time\" content=\"2023-01-16T12:43:06+00:00\" \/>\n<meta property=\"og:image\" content=\"https:\/\/www.aytre.fr\/wp-content\/uploads\/2018\/03\/Mariage__pacs.jpg\" \/>\n<meta name=\"twitter:card\" content=\"summary_large_image\" \/>\n<meta name=\"twitter:label1\" content=\"Est. reading time\" \/>\n\t<meta name=\"twitter:data1\" content=\"2 minutes\" \/>\n<script type=\"application\/ld+json\" class=\"yoast-schema-graph\">{\"@context\":\"https:\\\/\\\/schema.org\",\"@graph\":[{\"@type\":\"WebPage\",\"@id\":\"https:\\\/\\\/moncafe-prod.fr\\\/index.php\\\/nos-prestations\\\/\",\"url\":\"https:\\\/\\\/moncafe-prod.fr\\\/index.php\\\/nos-prestations\\\/\",\"name\":\"Nos Prestations - Mon Caf\u00e9 Productions\",\"isPartOf\":{\"@id\":\"https:\\\/\\\/moncafe-prod.fr\\\/#website\"},\"primaryImageOfPage\":{\"@id\":\"https:\\\/\\\/moncafe-prod.fr\\\/index.php\\\/nos-prestations\\\/#primaryimage\"},\"image\":{\"@id\":\"https:\\\/\\\/moncafe-prod.fr\\\/index.php\\\/nos-prestations\\\/#primaryimage\"},\"thumbnailUrl\":\"https:\\\/\\\/www.aytre.fr\\\/wp-content\\\/uploads\\\/2018\\\/03\\\/Mariage__pacs.jpg\",\"datePublished\":\"2023-01-04T08:02:30+00:00\",\"dateModified\":\"2023-01-16T12:43:06+00:00\",\"breadcrumb\":{\"@id\":\"https:\\\/\\\/moncafe-prod.fr\\\/index.php\\\/nos-prestations\\\/#breadcrumb\"},\"inLanguage\":\"en-US\",\"potentialAction\":[{\"@type\":\"ReadAction\",\"target\":[\"https:\\\/\\\/moncafe-prod.fr\\\/index.php\\\/nos-prestations\\\/\"]}]},{\"@type\":\"ImageObject\",\"inLanguage\":\"en-US\",\"@id\":\"https:\\\/\\\/moncafe-prod.fr\\\/index.php\\\/nos-prestations\\\/#primaryimage\",\"url\":\"https:\\\/\\\/www.aytre.fr\\\/wp-content\\\/uploads\\\/2018\\\/03\\\/Mariage__pacs.jpg\",\"contentUrl\":\"https:\\\/\\\/www.aytre.fr\\\/wp-content\\\/uploads\\\/2018\\\/03\\\/Mariage__pacs.jpg\"},{\"@type\":\"BreadcrumbList\",\"@id\":\"https:\\\/\\\/moncafe-prod.fr\\\/index.php\\\/nos-prestations\\\/#breadcrumb\",\"itemListElement\":[{\"@type\":\"ListItem\",\"position\":1,\"name\":\"Accueil\",\"item\":\"https:\\\/\\\/moncafe-prod.fr\\\/\"},{\"@type\":\"ListItem\",\"position\":2,\"name\":\"Nos Prestations\"}]},{\"@type\":\"WebSite\",\"@id\":\"https:\\\/\\\/moncafe-prod.fr\\\/#website\",\"url\":\"https:\\\/\\\/moncafe-prod.fr\\\/\",\"name\":\"Mon Caf\u00e9 Productions\",\"description\":\"Vos ambitions, nos comp\u00e9tences\",\"publisher\":{\"@id\":\"https:\\\/\\\/moncafe-prod.fr\\\/#organization\"},\"alternateName\":\"MCP\",\"potentialAction\":[{\"@type\":\"SearchAction\",\"target\":{\"@type\":\"EntryPoint\",\"urlTemplate\":\"https:\\\/\\\/moncafe-prod.fr\\\/?s={search_term_string}\"},\"query-input\":{\"@type\":\"PropertyValueSpecification\",\"valueRequired\":true,\"valueName\":\"search_term_string\"}}],\"inLanguage\":\"en-US\"},{\"@type\":\"Organization\",\"@id\":\"https:\\\/\\\/moncafe-prod.fr\\\/#organization\",\"name\":\"Mon Caf\u00e9 Productions\",\"alternateName\":\"MCP\",\"url\":\"https:\\\/\\\/moncafe-prod.fr\\\/\",\"logo\":{\"@type\":\"ImageObject\",\"inLanguage\":\"en-US\",\"@id\":\"https:\\\/\\\/moncafe-prod.fr\\\/#\\\/schema\\\/logo\\\/image\\\/\",\"url\":\"https:\\\/\\\/moncafe-prod.fr\\\/wp-content\\\/uploads\\\/2023\\\/01\\\/MCP-LOGO-PETIT.png\",\"contentUrl\":\"https:\\\/\\\/moncafe-prod.fr\\\/wp-content\\\/uploads\\\/2023\\\/01\\\/MCP-LOGO-PETIT.png\",\"width\":922,\"height\":615,\"caption\":\"Mon Caf\u00e9 Productions\"},\"image\":{\"@id\":\"https:\\\/\\\/moncafe-prod.fr\\\/#\\\/schema\\\/logo\\\/image\\\/\"},\"sameAs\":[\"https:\\\/\\\/www.facebook.com\\\/moncafeprod\",\"https:\\\/\\\/www.instagram.com\\\/moncafe.prod\\\/\"]}]}<\/script>\n<!-- \/ Yoast SEO plugin. -->","yoast_head_json":{"title":"Nos Prestations - Mon Caf\u00e9 Productions","robots":{"index":"index","follow":"follow","max-snippet":"max-snippet:-1","max-image-preview":"max-image-preview:large","max-video-preview":"max-video-preview:-1"},"canonical":"https:\/\/moncafe-prod.fr\/index.php\/nos-prestations\/","og_locale":"en_US","og_type":"article","og_title":"Nos Prestations - Mon Caf\u00e9 Productions","og_description":"Gr\u00e2ce \u00e0 notre savoir faire et notre d\u00e9termination, nous sommes en mesure de vous proposer de nombreuses prestations type pour vos projets, \u00e9v\u00e9nements ou tout autre besoin audiovisuel. Nous proposons \u00e9galement des prestations sur mesure, pour cela il vous suffit de prendre contact avec nous. Mariages De la pr\u00e9paration, au grand OUI, et m\u00eame jusqu&#8217;a [&hellip;]","og_url":"https:\/\/moncafe-prod.fr\/index.php\/nos-prestations\/","og_site_name":"Mon Caf\u00e9 Productions","article_publisher":"https:\/\/www.facebook.com\/moncafeprod","article_modified_time":"2023-01-16T12:43:06+00:00","og_image":[{"url":"https:\/\/www.aytre.fr\/wp-content\/uploads\/2018\/03\/Mariage__pacs.jpg","type":"","width":"","height":""}],"twitter_card":"summary_large_image","twitter_misc":{"Est. reading time":"2 minutes"},"schema":{"@context":"https:\/\/schema.org","@graph":[{"@type":"WebPage","@id":"https:\/\/moncafe-prod.fr\/index.php\/nos-prestations\/","url":"https:\/\/moncafe-prod.fr\/index.php\/nos-prestations\/","name":"Nos Prestations - Mon Caf\u00e9 Productions","isPartOf":{"@id":"https:\/\/moncafe-prod.fr\/#website"},"primaryImageOfPage":{"@id":"https:\/\/moncafe-prod.fr\/index.php\/nos-prestations\/#primaryimage"},"image":{"@id":"https:\/\/moncafe-prod.fr\/index.php\/nos-prestations\/#primaryimage"},"thumbnailUrl":"https:\/\/www.aytre.fr\/wp-content\/uploads\/2018\/03\/Mariage__pacs.jpg","datePublished":"2023-01-04T08:02:30+00:00","dateModified":"2023-01-16T12:43:06+00:00","breadcrumb":{"@id":"https:\/\/moncafe-prod.fr\/index.php\/nos-prestations\/#breadcrumb"},"inLanguage":"en-US","potentialAction":[{"@type":"ReadAction","target":["https:\/\/moncafe-prod.fr\/index.php\/nos-prestations\/"]}]},{"@type":"ImageObject","inLanguage":"en-US","@id":"https:\/\/moncafe-prod.fr\/index.php\/nos-prestations\/#primaryimage","url":"https:\/\/www.aytre.fr\/wp-content\/uploads\/2018\/03\/Mariage__pacs.jpg","contentUrl":"https:\/\/www.aytre.fr\/wp-content\/uploads\/2018\/03\/Mariage__pacs.jpg"},{"@type":"BreadcrumbList","@id":"https:\/\/moncafe-prod.fr\/index.php\/nos-prestations\/#breadcrumb","itemListElement":[{"@type":"ListItem","position":1,"name":"Accueil","item":"https:\/\/moncafe-prod.fr\/"},{"@type":"ListItem","position":2,"name":"Nos Prestations"}]},{"@type":"WebSite","@id":"https:\/\/moncafe-prod.fr\/#website","url":"https:\/\/moncafe-prod.fr\/","name":"Mon Caf\u00e9 Productions","description":"Vos ambitions, nos comp\u00e9tences","publisher":{"@id":"https:\/\/moncafe-prod.fr\/#organization"},"alternateName":"MCP","potentialAction":[{"@type":"SearchAction","target":{"@type":"EntryPoint","urlTemplate":"https:\/\/moncafe-prod.fr\/?s={search_term_string}"},"query-input":{"@type":"PropertyValueSpecification","valueRequired":true,"valueName":"search_term_string"}}],"inLanguage":"en-US"},{"@type":"Organization","@id":"https:\/\/moncafe-prod.fr\/#organization","name":"Mon Caf\u00e9 Productions","alternateName":"MCP","url":"https:\/\/moncafe-prod.fr\/","logo":{"@type":"ImageObject","inLanguage":"en-US","@id":"https:\/\/moncafe-prod.fr\/#\/schema\/logo\/image\/","url":"https:\/\/moncafe-prod.fr\/wp-content\/uploads\/2023\/01\/MCP-LOGO-PETIT.png","contentUrl":"https:\/\/moncafe-prod.fr\/wp-content\/uploads\/2023\/01\/MCP-LOGO-PETIT.png","width":922,"height":615,"caption":"Mon Caf\u00e9 Productions"},"image":{"@id":"https:\/\/moncafe-prod.fr\/#\/schema\/logo\/image\/"},"sameAs":["https:\/\/www.facebook.com\/moncafeprod","https:\/\/www.instagram.com\/moncafe.prod\/"]}]}},"jetpack_sharing_enabled":true,"_links":{"self":[{"href":"https:\/\/moncafe-prod.fr\/index.php\/wp-json\/wp\/v2\/pages\/33","targetHints":{"allow":["GET"]}}],"collection":[{"href":"https:\/\/moncafe-prod.fr\/index.php\/wp-json\/wp\/v2\/pages"}],"about":[{"href":"https:\/\/moncafe-prod.fr\/index.php\/wp-json\/wp\/v2\/types\/page"}],"author":[{"embeddable":true,"href":"https:\/\/moncafe-prod.fr\/index.php\/wp-json\/wp\/v2\/users\/1"}],"replies":[{"embeddable":true,"href":"https:\/\/moncafe-prod.fr\/index.php\/wp-json\/wp\/v2\/comments?post=33"}],"version-history":[{"count":12,"href":"https:\/\/moncafe-prod.fr\/index.php\/wp-json\/wp\/v2\/pages\/33\/revisions"}],"predecessor-version":[{"id":137,"href":"https:\/\/moncafe-prod.fr\/index.php\/wp-json\/wp\/v2\/pages\/33\/revisions\/137"}],"wp:attachment":[{"href":"https:\/\/moncafe-prod.fr\/index.php\/wp-json\/wp\/v2\/media?parent=33"}],"curies":[{"name":"wp","href":"https:\/\/api.w.org\/{rel}","templated":true}]}}