{"id":19,"date":"2023-01-02T10:07:12","date_gmt":"2023-01-02T09:07:12","guid":{"rendered":"http:\/\/moncafe-prod.fr\/?page_id=19"},"modified":"2023-01-13T09:33:06","modified_gmt":"2023-01-13T08:33:06","slug":"contactez-nous","status":"publish","type":"page","link":"https:\/\/moncafe-prod.fr\/index.php\/contactez-nous\/","title":{"rendered":"Contactez-nous"},"content":{"rendered":"\n<p>Vous souhaitez nous faire part d&#8217;un projet ? Contactez nous via cette page et nous reviendrons vers vous au plus vite avec un devis correspondant au plus proche \u00e0 vos ambitions.<\/p>\n\n\n<div class=\"wp-block-jetpack-contact-form is-layout-flex wp-container-jetpack-contact-form-is-layout-b7ed9015 wp-block-jetpack-contact-form-is-layout-flex\"><a href=\"https:\/\/moncafe-prod.fr\/index.php\/contactez-nous\/\" target=\"_blank\" rel=\"noopener noreferrer\">Submit a form.<\/a><\/div>\n\n\n<p>Une autre demande ? Des pr\u00e9cisions ? \u00c9crivez-nous ! Nous vous r\u00e9pondons au plus vite. Nous sommes \u00e9galement joignables par t\u00e9l\u00e9phone du Lundi au Vendredi de 8h \u00e0 19h au <mark style=\"background-color:rgba(0, 0, 0, 0)\" class=\"has-inline-color has-foreground-color\">06 09 46 50 88<\/mark>.<\/p>\n\n\n\n<div class=\"wp-block-buttons is-content-justification-center is-layout-flex wp-container-core-buttons-is-layout-a89b3969 wp-block-buttons-is-layout-flex\">\n<div class=\"wp-block-button\"><a class=\"wp-block-button__link wp-element-button\" href=\"mailto:contact@moncafe-prod.fr\">Envoyez-nous un e-mail<\/a><\/div>\n<\/div>\n","protected":false},"excerpt":{"rendered":"<p>Vous souhaitez nous faire part d&#8217;un projet ? Contactez nous via cette page et nous reviendrons vers vous au plus vite avec un devis correspondant au plus proche \u00e0 vos ambitions. Une autre demande ? Des pr\u00e9cisions ? \u00c9crivez-nous ! Nous vous r\u00e9pondons au plus vite. Nous sommes \u00e9galement joignables par t\u00e9l\u00e9phone du Lundi au [&hellip;]<\/p>\n","protected":false},"author":1,"featured_media":0,"parent":0,"menu_order":0,"comment_status":"closed","ping_status":"closed","template":"","meta":{"footnotes":""},"class_list":["post-19","page","type-page","status-publish","hentry"],"yoast_head":"<!-- This site is optimized with the Yoast SEO plugin v27.4 - https:\/\/yoast.com\/product\/yoast-seo-wordpress\/ -->\n<title>Contactez-nous - Mon Caf\u00e9 Productions<\/title>\n<meta name=\"robots\" content=\"index, follow, max-snippet:-1, max-image-preview:large, max-video-preview:-1\" \/>\n<link rel=\"canonical\" href=\"https:\/\/moncafe-prod.fr\/index.php\/contactez-nous\/\" \/>\n<meta property=\"og:locale\" content=\"en_US\" \/>\n<meta property=\"og:type\" content=\"article\" \/>\n<meta property=\"og:title\" content=\"Contactez-nous - Mon Caf\u00e9 Productions\" \/>\n<meta property=\"og:description\" content=\"Vous souhaitez nous faire part d&#8217;un projet ? Contactez nous via cette page et nous reviendrons vers vous au plus vite avec un devis correspondant au plus proche \u00e0 vos ambitions. Une autre demande ? Des pr\u00e9cisions ? \u00c9crivez-nous ! Nous vous r\u00e9pondons au plus vite. Nous sommes \u00e9galement joignables par t\u00e9l\u00e9phone du Lundi au [&hellip;]\" \/>\n<meta property=\"og:url\" content=\"https:\/\/moncafe-prod.fr\/index.php\/contactez-nous\/\" \/>\n<meta property=\"og:site_name\" content=\"Mon Caf\u00e9 Productions\" \/>\n<meta property=\"article:publisher\" content=\"https:\/\/www.facebook.com\/moncafeprod\" \/>\n<meta property=\"article:modified_time\" content=\"2023-01-13T08:33:06+00:00\" \/>\n<meta name=\"twitter:card\" content=\"summary_large_image\" \/>\n<script type=\"application\/ld+json\" class=\"yoast-schema-graph\">{\"@context\":\"https:\\\/\\\/schema.org\",\"@graph\":[{\"@type\":\"WebPage\",\"@id\":\"https:\\\/\\\/moncafe-prod.fr\\\/index.php\\\/contactez-nous\\\/\",\"url\":\"https:\\\/\\\/moncafe-prod.fr\\\/index.php\\\/contactez-nous\\\/\",\"name\":\"Contactez-nous - Mon Caf\u00e9 Productions\",\"isPartOf\":{\"@id\":\"https:\\\/\\\/moncafe-prod.fr\\\/#website\"},\"datePublished\":\"2023-01-02T09:07:12+00:00\",\"dateModified\":\"2023-01-13T08:33:06+00:00\",\"breadcrumb\":{\"@id\":\"https:\\\/\\\/moncafe-prod.fr\\\/index.php\\\/contactez-nous\\\/#breadcrumb\"},\"inLanguage\":\"en-US\",\"potentialAction\":[{\"@type\":\"ReadAction\",\"target\":[\"https:\\\/\\\/moncafe-prod.fr\\\/index.php\\\/contactez-nous\\\/\"]}]},{\"@type\":\"BreadcrumbList\",\"@id\":\"https:\\\/\\\/moncafe-prod.fr\\\/index.php\\\/contactez-nous\\\/#breadcrumb\",\"itemListElement\":[{\"@type\":\"ListItem\",\"position\":1,\"name\":\"Accueil\",\"item\":\"https:\\\/\\\/moncafe-prod.fr\\\/\"},{\"@type\":\"ListItem\",\"position\":2,\"name\":\"Contactez-nous\"}]},{\"@type\":\"WebSite\",\"@id\":\"https:\\\/\\\/moncafe-prod.fr\\\/#website\",\"url\":\"https:\\\/\\\/moncafe-prod.fr\\\/\",\"name\":\"Mon Caf\u00e9 Productions\",\"description\":\"Vos ambitions, nos comp\u00e9tences\",\"publisher\":{\"@id\":\"https:\\\/\\\/moncafe-prod.fr\\\/#organization\"},\"alternateName\":\"MCP\",\"potentialAction\":[{\"@type\":\"SearchAction\",\"target\":{\"@type\":\"EntryPoint\",\"urlTemplate\":\"https:\\\/\\\/moncafe-prod.fr\\\/?s={search_term_string}\"},\"query-input\":{\"@type\":\"PropertyValueSpecification\",\"valueRequired\":true,\"valueName\":\"search_term_string\"}}],\"inLanguage\":\"en-US\"},{\"@type\":\"Organization\",\"@id\":\"https:\\\/\\\/moncafe-prod.fr\\\/#organization\",\"name\":\"Mon Caf\u00e9 Productions\",\"alternateName\":\"MCP\",\"url\":\"https:\\\/\\\/moncafe-prod.fr\\\/\",\"logo\":{\"@type\":\"ImageObject\",\"inLanguage\":\"en-US\",\"@id\":\"https:\\\/\\\/moncafe-prod.fr\\\/#\\\/schema\\\/logo\\\/image\\\/\",\"url\":\"https:\\\/\\\/moncafe-prod.fr\\\/wp-content\\\/uploads\\\/2023\\\/01\\\/MCP-LOGO-PETIT.png\",\"contentUrl\":\"https:\\\/\\\/moncafe-prod.fr\\\/wp-content\\\/uploads\\\/2023\\\/01\\\/MCP-LOGO-PETIT.png\",\"width\":922,\"height\":615,\"caption\":\"Mon Caf\u00e9 Productions\"},\"image\":{\"@id\":\"https:\\\/\\\/moncafe-prod.fr\\\/#\\\/schema\\\/logo\\\/image\\\/\"},\"sameAs\":[\"https:\\\/\\\/www.facebook.com\\\/moncafeprod\",\"https:\\\/\\\/www.instagram.com\\\/moncafe.prod\\\/\"]}]}<\/script>\n<!-- \/ Yoast SEO plugin. -->","yoast_head_json":{"title":"Contactez-nous - Mon Caf\u00e9 Productions","robots":{"index":"index","follow":"follow","max-snippet":"max-snippet:-1","max-image-preview":"max-image-preview:large","max-video-preview":"max-video-preview:-1"},"canonical":"https:\/\/moncafe-prod.fr\/index.php\/contactez-nous\/","og_locale":"en_US","og_type":"article","og_title":"Contactez-nous - Mon Caf\u00e9 Productions","og_description":"Vous souhaitez nous faire part d&#8217;un projet ? Contactez nous via cette page et nous reviendrons vers vous au plus vite avec un devis correspondant au plus proche \u00e0 vos ambitions. Une autre demande ? Des pr\u00e9cisions ? \u00c9crivez-nous ! Nous vous r\u00e9pondons au plus vite. Nous sommes \u00e9galement joignables par t\u00e9l\u00e9phone du Lundi au [&hellip;]","og_url":"https:\/\/moncafe-prod.fr\/index.php\/contactez-nous\/","og_site_name":"Mon Caf\u00e9 Productions","article_publisher":"https:\/\/www.facebook.com\/moncafeprod","article_modified_time":"2023-01-13T08:33:06+00:00","twitter_card":"summary_large_image","schema":{"@context":"https:\/\/schema.org","@graph":[{"@type":"WebPage","@id":"https:\/\/moncafe-prod.fr\/index.php\/contactez-nous\/","url":"https:\/\/moncafe-prod.fr\/index.php\/contactez-nous\/","name":"Contactez-nous - Mon Caf\u00e9 Productions","isPartOf":{"@id":"https:\/\/moncafe-prod.fr\/#website"},"datePublished":"2023-01-02T09:07:12+00:00","dateModified":"2023-01-13T08:33:06+00:00","breadcrumb":{"@id":"https:\/\/moncafe-prod.fr\/index.php\/contactez-nous\/#breadcrumb"},"inLanguage":"en-US","potentialAction":[{"@type":"ReadAction","target":["https:\/\/moncafe-prod.fr\/index.php\/contactez-nous\/"]}]},{"@type":"BreadcrumbList","@id":"https:\/\/moncafe-prod.fr\/index.php\/contactez-nous\/#breadcrumb","itemListElement":[{"@type":"ListItem","position":1,"name":"Accueil","item":"https:\/\/moncafe-prod.fr\/"},{"@type":"ListItem","position":2,"name":"Contactez-nous"}]},{"@type":"WebSite","@id":"https:\/\/moncafe-prod.fr\/#website","url":"https:\/\/moncafe-prod.fr\/","name":"Mon Caf\u00e9 Productions","description":"Vos ambitions, nos comp\u00e9tences","publisher":{"@id":"https:\/\/moncafe-prod.fr\/#organization"},"alternateName":"MCP","potentialAction":[{"@type":"SearchAction","target":{"@type":"EntryPoint","urlTemplate":"https:\/\/moncafe-prod.fr\/?s={search_term_string}"},"query-input":{"@type":"PropertyValueSpecification","valueRequired":true,"valueName":"search_term_string"}}],"inLanguage":"en-US"},{"@type":"Organization","@id":"https:\/\/moncafe-prod.fr\/#organization","name":"Mon Caf\u00e9 Productions","alternateName":"MCP","url":"https:\/\/moncafe-prod.fr\/","logo":{"@type":"ImageObject","inLanguage":"en-US","@id":"https:\/\/moncafe-prod.fr\/#\/schema\/logo\/image\/","url":"https:\/\/moncafe-prod.fr\/wp-content\/uploads\/2023\/01\/MCP-LOGO-PETIT.png","contentUrl":"https:\/\/moncafe-prod.fr\/wp-content\/uploads\/2023\/01\/MCP-LOGO-PETIT.png","width":922,"height":615,"caption":"Mon Caf\u00e9 Productions"},"image":{"@id":"https:\/\/moncafe-prod.fr\/#\/schema\/logo\/image\/"},"sameAs":["https:\/\/www.facebook.com\/moncafeprod","https:\/\/www.instagram.com\/moncafe.prod\/"]}]}},"jetpack_sharing_enabled":true,"_links":{"self":[{"href":"https:\/\/moncafe-prod.fr\/index.php\/wp-json\/wp\/v2\/pages\/19","targetHints":{"allow":["GET"]}}],"collection":[{"href":"https:\/\/moncafe-prod.fr\/index.php\/wp-json\/wp\/v2\/pages"}],"about":[{"href":"https:\/\/moncafe-prod.fr\/index.php\/wp-json\/wp\/v2\/types\/page"}],"author":[{"embeddable":true,"href":"https:\/\/moncafe-prod.fr\/index.php\/wp-json\/wp\/v2\/users\/1"}],"replies":[{"embeddable":true,"href":"https:\/\/moncafe-prod.fr\/index.php\/wp-json\/wp\/v2\/comments?post=19"}],"version-history":[{"count":15,"href":"https:\/\/moncafe-prod.fr\/index.php\/wp-json\/wp\/v2\/pages\/19\/revisions"}],"predecessor-version":[{"id":133,"href":"https:\/\/moncafe-prod.fr\/index.php\/wp-json\/wp\/v2\/pages\/19\/revisions\/133"}],"wp:attachment":[{"href":"https:\/\/moncafe-prod.fr\/index.php\/wp-json\/wp\/v2\/media?parent=19"}],"curies":[{"name":"wp","href":"https:\/\/api.w.org\/{rel}","templated":true}]}}