{"id":119,"date":"2023-01-12T19:52:06","date_gmt":"2023-01-12T18:52:06","guid":{"rendered":"https:\/\/moncafe-prod.fr\/?page_id=119"},"modified":"2023-01-13T09:32:29","modified_gmt":"2023-01-13T08:32:29","slug":"mentions-legales","status":"publish","type":"page","link":"https:\/\/moncafe-prod.fr\/index.php\/mentions-legales\/","title":{"rendered":"Mentions L\u00e9gales"},"content":{"rendered":"\n<p class=\"has-text-align-left\">En vigueur au 01\/01\/2023<\/p>\n\n\n\n<p class=\"has-text-align-left\"><br>Conform\u00e9ment aux dispositions des Articles 6-III et 19 de la Loi n\u00b02004-575 du 21 juin 2004 pour la Confiance dans l\u2019\u00e9conomie num\u00e9rique, dite L.C.E.N., il est port\u00e9 \u00e0 la connaissance des utilisateurs et visiteurs, ci-apr\u00e8s l'&#8221;Utilisateur&#8221;, du site moncafe-prod.fr , ci-apr\u00e8s le &#8220;Site&#8221;, les pr\u00e9sentes mentions l\u00e9gales.<br><\/p>\n\n\n\n<p class=\"has-text-align-left\">La connexion et la navigation sur le Site par l\u2019Utilisateur implique acceptation int\u00e9grale et sans r\u00e9serve des pr\u00e9sentes mentions l\u00e9gales.<br>Ces derni\u00e8res sont accessibles sur le Site \u00e0 la rubrique \u00ab Mentions l\u00e9gales \u00bb.<br><\/p>\n\n\n\n<p class=\"has-text-align-left\">ARTICLE 1 &#8211; L&#8217;EDITEUR<br><\/p>\n\n\n\n<p class=\"has-text-align-left\">L&#8217;\u00e9dition du Site est assur\u00e9e par Mon Caf\u00e9 Productions, Entreprise Individuelle,<br>immatricul\u00e9e au Registre du Commerce et des Soci\u00e9t\u00e9s de Toulouse sous le num\u00e9ro 891 849 119, Num\u00e9ro de t\u00e9l\u00e9phone 0609465088,<br>Adresse e-mail : <a href=\"mailto:contact@moncafe-prod.fr\">contact@moncafe-prod.fr<\/a>.<br>Le Directeur de la publication est Aymeric SIMONIN, ci-apr\u00e8s l'&#8221;Editeur&#8221;.<br><\/p>\n\n\n\n<p class=\"has-text-align-left\">ARTICLE 2 &#8211; L&#8217;HEBERGEUR<br><\/p>\n\n\n\n<p class=\"has-text-align-left\">L&#8217;h\u00e9bergeur du Site est la soci\u00e9t\u00e9 OVH SAS, dont le si\u00e8ge social est situ\u00e9 au 2, rue Kellermann, 59100 Roubaix , avec le num\u00e9ro de t\u00e9l\u00e9phone : 0972101007 <br><\/p>\n\n\n\n<p class=\"has-text-align-left\">ARTICLE 3 &#8211; ACCES AU SITE<br><\/p>\n\n\n\n<p class=\"has-text-align-left\">Le Site est accessible en tout endroit, 7j\/7, 24h\/24 sauf cas de force majeure, interruption programm\u00e9e ou non et pouvant d\u00e9coulant d\u2019une n\u00e9cessit\u00e9 de maintenance. En cas de modification, interruption ou suspension du Site, l&#8217;Editeur ne saurait \u00eatre tenu responsable.<br><\/p>\n\n\n\n<p class=\"has-text-align-left\">ARTICLE 4 &#8211; COLLECTE DES DONNEES<br><\/p>\n\n\n\n<p class=\"has-text-align-left\">Le Site assure \u00e0 l&#8217;Utilisateur une collecte et un traitement d&#8217;informations personnelles dans le respect de la vie priv\u00e9e conform\u00e9ment \u00e0 la loi n\u00b078-17 du 6 janvier 1978 relative \u00e0 l&#8217;informatique, aux fichiers et aux libert\u00e9s.<br><\/p>\n\n\n\n<p class=\"has-text-align-left\">1.<br>En vertu de la loi Informatique et Libert\u00e9s, en date du 6 janvier 1978, l&#8217;Utilisateur dispose d&#8217;un droit d&#8217;acc\u00e8s, de rectification, de suppression et d&#8217;opposition de ses donn\u00e9es personnelles. L&#8217;Utilisateur exerce ce droit :<br>\u00b7 par mail \u00e0 l&#8217;adresse email<a href=\"mailto:contact@moncafe-prod.fr\"> contact@moncafe-prod.fr<\/a><br><\/p>\n\n\n\n<p class=\"has-text-align-left\">Toute utilisation, reproduction, diffusion, commercialisation, modification de toute ou partie du Site, sans autorisation de l\u2019Editeur est prohib\u00e9e et pourra entra\u00een\u00e9e des actions et poursuites judiciaires telles que notamment pr\u00e9vues par le Code de la propri\u00e9t\u00e9 intellectuelle et le Code civil.<br><\/p>\n\n\n\n<p class=\"has-text-align-left\"><\/p>\n","protected":false},"excerpt":{"rendered":"<p>En vigueur au 01\/01\/2023 Conform\u00e9ment aux dispositions des Articles 6-III et 19 de la Loi n\u00b02004-575 du 21 juin 2004 pour la Confiance dans l\u2019\u00e9conomie num\u00e9rique, dite L.C.E.N., il est port\u00e9 \u00e0 la connaissance des utilisateurs et visiteurs, ci-apr\u00e8s l&#8217;&#8221;Utilisateur&#8221;, du site moncafe-prod.fr , ci-apr\u00e8s le &#8220;Site&#8221;, les pr\u00e9sentes mentions l\u00e9gales. La connexion et la [&hellip;]<\/p>\n","protected":false},"author":1,"featured_media":0,"parent":0,"menu_order":0,"comment_status":"closed","ping_status":"closed","template":"","meta":{"footnotes":""},"class_list":["post-119","page","type-page","status-publish","hentry"],"yoast_head":"<!-- This site is optimized with the Yoast SEO plugin v27.4 - https:\/\/yoast.com\/product\/yoast-seo-wordpress\/ -->\n<title>Mentions L\u00e9gales - Mon Caf\u00e9 Productions<\/title>\n<meta name=\"robots\" content=\"index, follow, max-snippet:-1, max-image-preview:large, max-video-preview:-1\" \/>\n<link rel=\"canonical\" href=\"https:\/\/moncafe-prod.fr\/index.php\/mentions-legales\/\" \/>\n<meta property=\"og:locale\" content=\"en_US\" \/>\n<meta property=\"og:type\" content=\"article\" \/>\n<meta property=\"og:title\" content=\"Mentions L\u00e9gales - Mon Caf\u00e9 Productions\" \/>\n<meta property=\"og:description\" content=\"En vigueur au 01\/01\/2023 Conform\u00e9ment aux dispositions des Articles 6-III et 19 de la Loi n\u00b02004-575 du 21 juin 2004 pour la Confiance dans l\u2019\u00e9conomie num\u00e9rique, dite L.C.E.N., il est port\u00e9 \u00e0 la connaissance des utilisateurs et visiteurs, ci-apr\u00e8s l&#039;&#8221;Utilisateur&#8221;, du site moncafe-prod.fr , ci-apr\u00e8s le &#8220;Site&#8221;, les pr\u00e9sentes mentions l\u00e9gales. La connexion et la [&hellip;]\" \/>\n<meta property=\"og:url\" content=\"https:\/\/moncafe-prod.fr\/index.php\/mentions-legales\/\" \/>\n<meta property=\"og:site_name\" content=\"Mon Caf\u00e9 Productions\" \/>\n<meta property=\"article:publisher\" content=\"https:\/\/www.facebook.com\/moncafeprod\" \/>\n<meta property=\"article:modified_time\" content=\"2023-01-13T08:32:29+00:00\" \/>\n<meta name=\"twitter:card\" content=\"summary_large_image\" \/>\n<meta name=\"twitter:label1\" content=\"Est. reading time\" \/>\n\t<meta name=\"twitter:data1\" content=\"2 minutes\" \/>\n<script type=\"application\/ld+json\" class=\"yoast-schema-graph\">{\"@context\":\"https:\\\/\\\/schema.org\",\"@graph\":[{\"@type\":\"WebPage\",\"@id\":\"https:\\\/\\\/moncafe-prod.fr\\\/index.php\\\/mentions-legales\\\/\",\"url\":\"https:\\\/\\\/moncafe-prod.fr\\\/index.php\\\/mentions-legales\\\/\",\"name\":\"Mentions L\u00e9gales - Mon Caf\u00e9 Productions\",\"isPartOf\":{\"@id\":\"https:\\\/\\\/moncafe-prod.fr\\\/#website\"},\"datePublished\":\"2023-01-12T18:52:06+00:00\",\"dateModified\":\"2023-01-13T08:32:29+00:00\",\"breadcrumb\":{\"@id\":\"https:\\\/\\\/moncafe-prod.fr\\\/index.php\\\/mentions-legales\\\/#breadcrumb\"},\"inLanguage\":\"en-US\",\"potentialAction\":[{\"@type\":\"ReadAction\",\"target\":[\"https:\\\/\\\/moncafe-prod.fr\\\/index.php\\\/mentions-legales\\\/\"]}]},{\"@type\":\"BreadcrumbList\",\"@id\":\"https:\\\/\\\/moncafe-prod.fr\\\/index.php\\\/mentions-legales\\\/#breadcrumb\",\"itemListElement\":[{\"@type\":\"ListItem\",\"position\":1,\"name\":\"Accueil\",\"item\":\"https:\\\/\\\/moncafe-prod.fr\\\/\"},{\"@type\":\"ListItem\",\"position\":2,\"name\":\"Mentions L\u00e9gales\"}]},{\"@type\":\"WebSite\",\"@id\":\"https:\\\/\\\/moncafe-prod.fr\\\/#website\",\"url\":\"https:\\\/\\\/moncafe-prod.fr\\\/\",\"name\":\"Mon Caf\u00e9 Productions\",\"description\":\"Vos ambitions, nos comp\u00e9tences\",\"publisher\":{\"@id\":\"https:\\\/\\\/moncafe-prod.fr\\\/#organization\"},\"alternateName\":\"MCP\",\"potentialAction\":[{\"@type\":\"SearchAction\",\"target\":{\"@type\":\"EntryPoint\",\"urlTemplate\":\"https:\\\/\\\/moncafe-prod.fr\\\/?s={search_term_string}\"},\"query-input\":{\"@type\":\"PropertyValueSpecification\",\"valueRequired\":true,\"valueName\":\"search_term_string\"}}],\"inLanguage\":\"en-US\"},{\"@type\":\"Organization\",\"@id\":\"https:\\\/\\\/moncafe-prod.fr\\\/#organization\",\"name\":\"Mon Caf\u00e9 Productions\",\"alternateName\":\"MCP\",\"url\":\"https:\\\/\\\/moncafe-prod.fr\\\/\",\"logo\":{\"@type\":\"ImageObject\",\"inLanguage\":\"en-US\",\"@id\":\"https:\\\/\\\/moncafe-prod.fr\\\/#\\\/schema\\\/logo\\\/image\\\/\",\"url\":\"https:\\\/\\\/moncafe-prod.fr\\\/wp-content\\\/uploads\\\/2023\\\/01\\\/MCP-LOGO-PETIT.png\",\"contentUrl\":\"https:\\\/\\\/moncafe-prod.fr\\\/wp-content\\\/uploads\\\/2023\\\/01\\\/MCP-LOGO-PETIT.png\",\"width\":922,\"height\":615,\"caption\":\"Mon Caf\u00e9 Productions\"},\"image\":{\"@id\":\"https:\\\/\\\/moncafe-prod.fr\\\/#\\\/schema\\\/logo\\\/image\\\/\"},\"sameAs\":[\"https:\\\/\\\/www.facebook.com\\\/moncafeprod\",\"https:\\\/\\\/www.instagram.com\\\/moncafe.prod\\\/\"]}]}<\/script>\n<!-- \/ Yoast SEO plugin. -->","yoast_head_json":{"title":"Mentions L\u00e9gales - Mon Caf\u00e9 Productions","robots":{"index":"index","follow":"follow","max-snippet":"max-snippet:-1","max-image-preview":"max-image-preview:large","max-video-preview":"max-video-preview:-1"},"canonical":"https:\/\/moncafe-prod.fr\/index.php\/mentions-legales\/","og_locale":"en_US","og_type":"article","og_title":"Mentions L\u00e9gales - Mon Caf\u00e9 Productions","og_description":"En vigueur au 01\/01\/2023 Conform\u00e9ment aux dispositions des Articles 6-III et 19 de la Loi n\u00b02004-575 du 21 juin 2004 pour la Confiance dans l\u2019\u00e9conomie num\u00e9rique, dite L.C.E.N., il est port\u00e9 \u00e0 la connaissance des utilisateurs et visiteurs, ci-apr\u00e8s l'&#8221;Utilisateur&#8221;, du site moncafe-prod.fr , ci-apr\u00e8s le &#8220;Site&#8221;, les pr\u00e9sentes mentions l\u00e9gales. La connexion et la [&hellip;]","og_url":"https:\/\/moncafe-prod.fr\/index.php\/mentions-legales\/","og_site_name":"Mon Caf\u00e9 Productions","article_publisher":"https:\/\/www.facebook.com\/moncafeprod","article_modified_time":"2023-01-13T08:32:29+00:00","twitter_card":"summary_large_image","twitter_misc":{"Est. reading time":"2 minutes"},"schema":{"@context":"https:\/\/schema.org","@graph":[{"@type":"WebPage","@id":"https:\/\/moncafe-prod.fr\/index.php\/mentions-legales\/","url":"https:\/\/moncafe-prod.fr\/index.php\/mentions-legales\/","name":"Mentions L\u00e9gales - Mon Caf\u00e9 Productions","isPartOf":{"@id":"https:\/\/moncafe-prod.fr\/#website"},"datePublished":"2023-01-12T18:52:06+00:00","dateModified":"2023-01-13T08:32:29+00:00","breadcrumb":{"@id":"https:\/\/moncafe-prod.fr\/index.php\/mentions-legales\/#breadcrumb"},"inLanguage":"en-US","potentialAction":[{"@type":"ReadAction","target":["https:\/\/moncafe-prod.fr\/index.php\/mentions-legales\/"]}]},{"@type":"BreadcrumbList","@id":"https:\/\/moncafe-prod.fr\/index.php\/mentions-legales\/#breadcrumb","itemListElement":[{"@type":"ListItem","position":1,"name":"Accueil","item":"https:\/\/moncafe-prod.fr\/"},{"@type":"ListItem","position":2,"name":"Mentions L\u00e9gales"}]},{"@type":"WebSite","@id":"https:\/\/moncafe-prod.fr\/#website","url":"https:\/\/moncafe-prod.fr\/","name":"Mon Caf\u00e9 Productions","description":"Vos ambitions, nos comp\u00e9tences","publisher":{"@id":"https:\/\/moncafe-prod.fr\/#organization"},"alternateName":"MCP","potentialAction":[{"@type":"SearchAction","target":{"@type":"EntryPoint","urlTemplate":"https:\/\/moncafe-prod.fr\/?s={search_term_string}"},"query-input":{"@type":"PropertyValueSpecification","valueRequired":true,"valueName":"search_term_string"}}],"inLanguage":"en-US"},{"@type":"Organization","@id":"https:\/\/moncafe-prod.fr\/#organization","name":"Mon Caf\u00e9 Productions","alternateName":"MCP","url":"https:\/\/moncafe-prod.fr\/","logo":{"@type":"ImageObject","inLanguage":"en-US","@id":"https:\/\/moncafe-prod.fr\/#\/schema\/logo\/image\/","url":"https:\/\/moncafe-prod.fr\/wp-content\/uploads\/2023\/01\/MCP-LOGO-PETIT.png","contentUrl":"https:\/\/moncafe-prod.fr\/wp-content\/uploads\/2023\/01\/MCP-LOGO-PETIT.png","width":922,"height":615,"caption":"Mon Caf\u00e9 Productions"},"image":{"@id":"https:\/\/moncafe-prod.fr\/#\/schema\/logo\/image\/"},"sameAs":["https:\/\/www.facebook.com\/moncafeprod","https:\/\/www.instagram.com\/moncafe.prod\/"]}]}},"jetpack_sharing_enabled":true,"_links":{"self":[{"href":"https:\/\/moncafe-prod.fr\/index.php\/wp-json\/wp\/v2\/pages\/119","targetHints":{"allow":["GET"]}}],"collection":[{"href":"https:\/\/moncafe-prod.fr\/index.php\/wp-json\/wp\/v2\/pages"}],"about":[{"href":"https:\/\/moncafe-prod.fr\/index.php\/wp-json\/wp\/v2\/types\/page"}],"author":[{"embeddable":true,"href":"https:\/\/moncafe-prod.fr\/index.php\/wp-json\/wp\/v2\/users\/1"}],"replies":[{"embeddable":true,"href":"https:\/\/moncafe-prod.fr\/index.php\/wp-json\/wp\/v2\/comments?post=119"}],"version-history":[{"count":4,"href":"https:\/\/moncafe-prod.fr\/index.php\/wp-json\/wp\/v2\/pages\/119\/revisions"}],"predecessor-version":[{"id":132,"href":"https:\/\/moncafe-prod.fr\/index.php\/wp-json\/wp\/v2\/pages\/119\/revisions\/132"}],"wp:attachment":[{"href":"https:\/\/moncafe-prod.fr\/index.php\/wp-json\/wp\/v2\/media?parent=119"}],"curies":[{"name":"wp","href":"https:\/\/api.w.org\/{rel}","templated":true}]}}